{"id":1269,"date":"2021-04-13T17:12:52","date_gmt":"2021-04-13T15:12:52","guid":{"rendered":"https:\/\/permides.eu\/ueber-uns\/"},"modified":"2024-02-13T09:49:49","modified_gmt":"2024-02-13T08:49:49","slug":"ueber-uns","status":"publish","type":"page","link":"https:\/\/permides.eu\/de\/ueber-uns\/","title":{"rendered":"\u00dcber uns"},"content":{"rendered":"<p>[et_pb_section fb_built=&#8220;1&#8243; next_background_color=&#8220;#ffffff&#8220; _builder_version=&#8220;4.11.0&#8243; _dynamic_attributes=&#8220;background_image&#8220; _module_preset=&#8220;default&#8220; use_background_color_gradient=&#8220;on&#8220; background_color_gradient_start=&#8220;rgba(68,68,68,0.65)&#8220; background_color_gradient_end=&#8220;rgba(68,68,68,0.6)&#8220; background_color_gradient_overlays_image=&#8220;on&#8220; background_image=&#8220;@ET-DC@eyJkeW5hbWljIjp0cnVlLCJjb250ZW50IjoicG9zdF9mZWF0dXJlZF9pbWFnZSIsInNldHRpbmdzIjp7fX0=@&#8220; background_position=&#8220;top_center&#8220; bottom_divider_style=&#8220;arrow&#8220; bottom_divider_height=&#8220;30px&#8220; global_module=&#8220;380&#8243; global_colors_info=&#8220;{}&#8220;][et_pb_row _builder_version=&#8220;4.12.0&#8243; _module_preset=&#8220;default&#8220; hover_enabled=&#8220;0&#8243; global_colors_info=&#8220;{}&#8220; animation_style=&#8220;none&#8220; sticky_enabled=&#8220;0&#8243;][et_pb_column type=&#8220;4_4&#8243; _builder_version=&#8220;4.11.0&#8243; _module_preset=&#8220;default&#8220; global_colors_info=&#8220;{}&#8220;][et_pb_text _builder_version=&#8220;4.11.0&#8243; _dynamic_attributes=&#8220;content&#8220; _module_preset=&#8220;default&#8220; text_text_color=&#8220;#FFFFFF&#8220; link_text_color=&#8220;#FFFFFF&#8220; header_text_align=&#8220;center&#8220; module_alignment=&#8220;center&#8220; global_colors_info=&#8220;{}&#8220; link_font_size__hover_enabled=&#8220;off|desktop&#8220;]@ET-DC@eyJkeW5hbWljIjp0cnVlLCJjb250ZW50IjoicG9zdF9saW5rIiwic2V0dGluZ3MiOnsiYmVmb3JlIjoiPGgxPiIsImFmdGVyIjoiPFwvaDE+IiwidGV4dCI6InBvc3RfdGl0bGUiLCJjdXN0b21fdGV4dCI6IiJ9fQ==@[\/et_pb_text][et_pb_divider color=&#8220;#FFFFFF&#8220; divider_weight=&#8220;4px&#8220; _builder_version=&#8220;4.11.0&#8243; _module_preset=&#8220;default&#8220; width=&#8220;4%&#8220; module_alignment=&#8220;center&#8220; global_colors_info=&#8220;{}&#8220;][\/et_pb_divider][\/et_pb_column][\/et_pb_row][\/et_pb_section][et_pb_section fb_built=&#8220;1&#8243; _builder_version=&#8220;4.11.0&#8243; _module_preset=&#8220;default&#8220; global_colors_info=&#8220;{}&#8220;][et_pb_row _builder_version=&#8220;4.12.0&#8243; _module_preset=&#8220;default&#8220; max_width=&#8220;980px&#8220; module_alignment=&#8220;center&#8220; global_colors_info=&#8220;{}&#8220;][et_pb_column type=&#8220;4_4&#8243; _builder_version=&#8220;4.11.0&#8243; _module_preset=&#8220;default&#8220; global_colors_info=&#8220;{}&#8220;][et_pb_text _builder_version=&#8220;4.12.0&#8243; _module_preset=&#8220;default&#8220; header_2_font_size=&#8220;30px&#8220; header_3_font=&#8220;Lancelot||||||||&#8220; header_3_text_color=&#8220;#839788&#8243; header_3_font_size=&#8220;21px&#8220; text_orientation=&#8220;center&#8220; max_width=&#8220;95%&#8220; max_width_tablet=&#8220;100%&#8220; max_width_last_edited=&#8220;off|desktop&#8220; module_alignment=&#8220;center&#8220; custom_margin=&#8220;||45px||false|false&#8220; locked=&#8220;off&#8220; global_colors_info=&#8220;{}&#8220;]<\/p>\n<h2>Permides lifestyle blog<\/h2>\n<p><span>Permides Lifestyle ist die Anlaufstelle f\u00fcr die sch\u00f6nsten Blogs. Sie k\u00f6nnen alles lesen, von Unternehmertum und Reisen bis hin zu Sport und Ern\u00e4hrung. Egal welches Thema, auf Permides. k\u00f6nnen Sie alles finden; <\/span><\/p>\n<p>M\u00f6chten Sie mehr dar\u00fcber erfahren, wie Sie Ihren Lebensstil durch Gesundheit und Entspannung ver\u00e4ndern k\u00f6nnen? Dann lesen Sie jetzt unseren Blog zu verschiedenen Lifestyle-Themen. Lassen Sie sich inspirieren und motivieren, Ihren eigenen optimalen Lebensstil zu gestalten;<\/p>\n<p>[\/et_pb_text][et_pb_button button_url=&#8220;@ET-DC@eyJkeW5hbWljIjp0cnVlLCJjb250ZW50IjoicG9zdF9saW5rX3VybF9wYWdlIiwic2V0dGluZ3MiOnsicG9zdF9pZCI6IjM3MyJ9fQ==@&#8220; button_text=&#8220;Alle anzeigen&#8220; button_alignment=&#8220;center&#8220; _builder_version=&#8220;4.12.0&#8243; _dynamic_attributes=&#8220;button_url&#8220; _module_preset=&#8220;default&#8220; button_bg_color=&#8220;#839788&#8243; button_border_radius=&#8220;5px&#8220; button_letter_spacing=&#8220;1px&#8220; custom_margin=&#8220;|0px||0px|false|true&#8220; locked=&#8220;off&#8220; global_colors_info=&#8220;{}&#8220; button_bg_color__hover=&#8220;#424C44&#8243; button_bg_color__hover_enabled=&#8220;on|desktop&#8220;][\/et_pb_button][\/et_pb_column][\/et_pb_row][\/et_pb_section]<\/p>\n","protected":false},"excerpt":{"rendered":"<p>M\u00f6chten Sie mehr \u00fcber uns erfahren? Lesen Sie hier alles \u00fcber unser Unternehmen.<\/p>\n","protected":false},"author":1,"featured_media":969,"parent":0,"menu_order":0,"comment_status":"closed","ping_status":"closed","template":"","meta":{"_et_pb_use_builder":"on","_et_pb_old_content":"","_et_gb_content_width":"","footnotes":""},"class_list":["post-1269","page","type-page","status-publish","has-post-thumbnail","hentry"],"yoast_head":"<!-- This site is optimized with the Yoast SEO plugin v24.1 - https:\/\/yoast.com\/wordpress\/plugins\/seo\/ -->\n<title>\u00dcber uns - Permides.eu<\/title>\n<meta name=\"robots\" content=\"index, follow, max-snippet:-1, max-image-preview:large, max-video-preview:-1\" \/>\n<link rel=\"canonical\" href=\"https:\/\/permides.eu\/de\/ueber-uns\/\" \/>\n<meta property=\"og:locale\" content=\"de_DE\" \/>\n<meta property=\"og:type\" content=\"article\" \/>\n<meta property=\"og:title\" content=\"\u00dcber uns - Permides.eu\" \/>\n<meta property=\"og:description\" content=\"M\u00f6chten Sie mehr \u00fcber uns erfahren? Lesen Sie hier alles \u00fcber unser Unternehmen.\" \/>\n<meta property=\"og:url\" content=\"https:\/\/permides.eu\/de\/ueber-uns\/\" \/>\n<meta property=\"og:site_name\" content=\"Permides.eu\" \/>\n<meta property=\"article:modified_time\" content=\"2024-02-13T08:49:49+00:00\" \/>\n<meta property=\"og:image\" content=\"https:\/\/permides.eu\/wp-content\/uploads\/2021\/10\/blog-header-image.jpg\" \/>\n\t<meta property=\"og:image:width\" content=\"1500\" \/>\n\t<meta property=\"og:image:height\" content=\"1000\" \/>\n\t<meta property=\"og:image:type\" content=\"image\/jpeg\" \/>\n<meta name=\"twitter:card\" content=\"summary_large_image\" \/>\n<meta name=\"twitter:label1\" content=\"Gesch\u00e4tzte Lesezeit\" \/>\n\t<meta name=\"twitter:data1\" content=\"2 Minuten\" \/>\n<script type=\"application\/ld+json\" class=\"yoast-schema-graph\">{\"@context\":\"https:\/\/schema.org\",\"@graph\":[{\"@type\":\"WebPage\",\"@id\":\"https:\/\/permides.eu\/de\/ueber-uns\/\",\"url\":\"https:\/\/permides.eu\/de\/ueber-uns\/\",\"name\":\"\u00dcber uns - Permides.eu\",\"isPartOf\":{\"@id\":\"https:\/\/permides.eu\/de\/#website\"},\"primaryImageOfPage\":{\"@id\":\"https:\/\/permides.eu\/de\/ueber-uns\/#primaryimage\"},\"image\":{\"@id\":\"https:\/\/permides.eu\/de\/ueber-uns\/#primaryimage\"},\"thumbnailUrl\":\"https:\/\/permides.eu\/wp-content\/uploads\/2021\/10\/blog-header-image.jpg\",\"datePublished\":\"2021-04-13T15:12:52+00:00\",\"dateModified\":\"2024-02-13T08:49:49+00:00\",\"breadcrumb\":{\"@id\":\"https:\/\/permides.eu\/de\/ueber-uns\/#breadcrumb\"},\"inLanguage\":\"de\",\"potentialAction\":[{\"@type\":\"ReadAction\",\"target\":[\"https:\/\/permides.eu\/de\/ueber-uns\/\"]}]},{\"@type\":\"ImageObject\",\"inLanguage\":\"de\",\"@id\":\"https:\/\/permides.eu\/de\/ueber-uns\/#primaryimage\",\"url\":\"https:\/\/permides.eu\/wp-content\/uploads\/2021\/10\/blog-header-image.jpg\",\"contentUrl\":\"https:\/\/permides.eu\/wp-content\/uploads\/2021\/10\/blog-header-image.jpg\",\"width\":1500,\"height\":1000},{\"@type\":\"BreadcrumbList\",\"@id\":\"https:\/\/permides.eu\/de\/ueber-uns\/#breadcrumb\",\"itemListElement\":[{\"@type\":\"ListItem\",\"position\":1,\"name\":\"Home\",\"item\":\"https:\/\/permides.eu\/de\/\"},{\"@type\":\"ListItem\",\"position\":2,\"name\":\"\u00dcber uns\"}]},{\"@type\":\"WebSite\",\"@id\":\"https:\/\/permides.eu\/de\/#website\",\"url\":\"https:\/\/permides.eu\/de\/\",\"name\":\"Permides.eu\",\"description\":\"Permides Lifestyle blog\",\"potentialAction\":[{\"@type\":\"SearchAction\",\"target\":{\"@type\":\"EntryPoint\",\"urlTemplate\":\"https:\/\/permides.eu\/de\/?s={search_term_string}\"},\"query-input\":{\"@type\":\"PropertyValueSpecification\",\"valueRequired\":true,\"valueName\":\"search_term_string\"}}],\"inLanguage\":\"de\"}]}<\/script>\n<!-- \/ Yoast SEO plugin. -->","yoast_head_json":{"title":"\u00dcber uns - Permides.eu","robots":{"index":"index","follow":"follow","max-snippet":"max-snippet:-1","max-image-preview":"max-image-preview:large","max-video-preview":"max-video-preview:-1"},"canonical":"https:\/\/permides.eu\/de\/ueber-uns\/","og_locale":"de_DE","og_type":"article","og_title":"\u00dcber uns - Permides.eu","og_description":"M\u00f6chten Sie mehr \u00fcber uns erfahren? Lesen Sie hier alles \u00fcber unser Unternehmen.","og_url":"https:\/\/permides.eu\/de\/ueber-uns\/","og_site_name":"Permides.eu","article_modified_time":"2024-02-13T08:49:49+00:00","og_image":[{"width":1500,"height":1000,"url":"https:\/\/permides.eu\/wp-content\/uploads\/2021\/10\/blog-header-image.jpg","type":"image\/jpeg"}],"twitter_card":"summary_large_image","twitter_misc":{"Gesch\u00e4tzte Lesezeit":"2 Minuten"},"schema":{"@context":"https:\/\/schema.org","@graph":[{"@type":"WebPage","@id":"https:\/\/permides.eu\/de\/ueber-uns\/","url":"https:\/\/permides.eu\/de\/ueber-uns\/","name":"\u00dcber uns - Permides.eu","isPartOf":{"@id":"https:\/\/permides.eu\/de\/#website"},"primaryImageOfPage":{"@id":"https:\/\/permides.eu\/de\/ueber-uns\/#primaryimage"},"image":{"@id":"https:\/\/permides.eu\/de\/ueber-uns\/#primaryimage"},"thumbnailUrl":"https:\/\/permides.eu\/wp-content\/uploads\/2021\/10\/blog-header-image.jpg","datePublished":"2021-04-13T15:12:52+00:00","dateModified":"2024-02-13T08:49:49+00:00","breadcrumb":{"@id":"https:\/\/permides.eu\/de\/ueber-uns\/#breadcrumb"},"inLanguage":"de","potentialAction":[{"@type":"ReadAction","target":["https:\/\/permides.eu\/de\/ueber-uns\/"]}]},{"@type":"ImageObject","inLanguage":"de","@id":"https:\/\/permides.eu\/de\/ueber-uns\/#primaryimage","url":"https:\/\/permides.eu\/wp-content\/uploads\/2021\/10\/blog-header-image.jpg","contentUrl":"https:\/\/permides.eu\/wp-content\/uploads\/2021\/10\/blog-header-image.jpg","width":1500,"height":1000},{"@type":"BreadcrumbList","@id":"https:\/\/permides.eu\/de\/ueber-uns\/#breadcrumb","itemListElement":[{"@type":"ListItem","position":1,"name":"Home","item":"https:\/\/permides.eu\/de\/"},{"@type":"ListItem","position":2,"name":"\u00dcber uns"}]},{"@type":"WebSite","@id":"https:\/\/permides.eu\/de\/#website","url":"https:\/\/permides.eu\/de\/","name":"Permides.eu","description":"Permides Lifestyle blog","potentialAction":[{"@type":"SearchAction","target":{"@type":"EntryPoint","urlTemplate":"https:\/\/permides.eu\/de\/?s={search_term_string}"},"query-input":{"@type":"PropertyValueSpecification","valueRequired":true,"valueName":"search_term_string"}}],"inLanguage":"de"}]}},"_links":{"self":[{"href":"https:\/\/permides.eu\/de\/wp-json\/wp\/v2\/pages\/1269","targetHints":{"allow":["GET"]}}],"collection":[{"href":"https:\/\/permides.eu\/de\/wp-json\/wp\/v2\/pages"}],"about":[{"href":"https:\/\/permides.eu\/de\/wp-json\/wp\/v2\/types\/page"}],"author":[{"embeddable":true,"href":"https:\/\/permides.eu\/de\/wp-json\/wp\/v2\/users\/1"}],"replies":[{"embeddable":true,"href":"https:\/\/permides.eu\/de\/wp-json\/wp\/v2\/comments?post=1269"}],"version-history":[{"count":5,"href":"https:\/\/permides.eu\/de\/wp-json\/wp\/v2\/pages\/1269\/revisions"}],"predecessor-version":[{"id":1274,"href":"https:\/\/permides.eu\/de\/wp-json\/wp\/v2\/pages\/1269\/revisions\/1274"}],"wp:featuredmedia":[{"embeddable":true,"href":"https:\/\/permides.eu\/de\/wp-json\/wp\/v2\/media\/969"}],"wp:attachment":[{"href":"https:\/\/permides.eu\/de\/wp-json\/wp\/v2\/media?parent=1269"}],"curies":[{"name":"wp","href":"https:\/\/api.w.org\/{rel}","templated":true}]}}