{"id":1281,"date":"2021-10-07T15:08:27","date_gmt":"2021-10-07T13:08:27","guid":{"rendered":"https:\/\/permides.eu\/blogs\/"},"modified":"2024-02-13T09:50:46","modified_gmt":"2024-02-13T08:50:46","slug":"blogs","status":"publish","type":"page","link":"https:\/\/permides.eu\/de\/blogs\/","title":{"rendered":"Blogs"},"content":{"rendered":"<p>[et_pb_section fb_built=&#8220;1&#8243; next_background_color=&#8220;#ffffff&#8220; _builder_version=&#8220;4.16&#8243; _dynamic_attributes=&#8220;background_image&#8220; _module_preset=&#8220;default&#8220; use_background_color_gradient=&#8220;on&#8220; background_color_gradient_stops=&#8220;rgba(68,68,68,0.65) 0%|rgba(68,68,68,0.6) 100%&#8220; background_color_gradient_overlays_image=&#8220;on&#8220; background_color_gradient_start=&#8220;rgba(68,68,68,0.65)&#8220; background_color_gradient_end=&#8220;rgba(68,68,68,0.6)&#8220; background_image=&#8220;@ET-DC@eyJkeW5hbWljIjp0cnVlLCJjb250ZW50IjoicG9zdF9mZWF0dXJlZF9pbWFnZSIsInNldHRpbmdzIjp7fX0=@&#8220; background_position=&#8220;top_center&#8220; bottom_divider_style=&#8220;arrow&#8220; bottom_divider_height=&#8220;30px&#8220; background_color_gradient_stops_tablet=&#8220;rgba(68,68,68,0.65) 0%|rgba(68,68,68,0.6) 100%&#8220; background_color_gradient_stops_phone=&#8220;rgba(68,68,68,0.65) 0%|rgba(68,68,68,0.6) 100%&#8220; global_module=&#8220;380&#8243; saved_tabs=&#8220;all&#8220; global_colors_info=&#8220;{}&#8220;][et_pb_row _builder_version=&#8220;4.16&#8243; _module_preset=&#8220;default&#8220; animation_style=&#8220;none&#8220; global_colors_info=&#8220;{}&#8220;][et_pb_column type=&#8220;4_4&#8243; _builder_version=&#8220;4.16&#8243; _module_preset=&#8220;default&#8220; global_colors_info=&#8220;{}&#8220;][et_pb_text _builder_version=&#8220;4.16&#8243; _dynamic_attributes=&#8220;content&#8220; _module_preset=&#8220;default&#8220; text_text_color=&#8220;#FFFFFF&#8220; link_text_color=&#8220;#FFFFFF&#8220; header_text_align=&#8220;center&#8220; module_alignment=&#8220;center&#8220; global_colors_info=&#8220;{}&#8220; link_font_size__hover_enabled=&#8220;off|desktop&#8220;]@ET-DC@eyJkeW5hbWljIjp0cnVlLCJjb250ZW50IjoicG9zdF9saW5rIiwic2V0dGluZ3MiOnsiYmVmb3JlIjoiPGgxPiIsImFmdGVyIjoiPFwvaDE+IiwidGV4dCI6InBvc3RfdGl0bGUiLCJjdXN0b21fdGV4dCI6IiJ9fQ==@[\/et_pb_text][et_pb_divider color=&#8220;#FFFFFF&#8220; divider_weight=&#8220;4px&#8220; _builder_version=&#8220;4.16&#8243; _module_preset=&#8220;default&#8220; width=&#8220;4%&#8220; module_alignment=&#8220;center&#8220; global_colors_info=&#8220;{}&#8220;][\/et_pb_divider][\/et_pb_column][\/et_pb_row][\/et_pb_section][et_pb_section fb_built=&#8220;1&#8243; _builder_version=&#8220;4.16&#8243; _module_preset=&#8220;default&#8220; global_colors_info=&#8220;{}&#8220;][et_pb_row _builder_version=&#8220;4.16&#8243; _module_preset=&#8220;default&#8220; global_colors_info=&#8220;{}&#8220;][et_pb_column type=&#8220;4_4&#8243; _builder_version=&#8220;4.16&#8243; _module_preset=&#8220;default&#8220; global_colors_info=&#8220;{}&#8220;][et_pb_blog fullwidth=&#8220;off&#8220; posts_number=&#8220;12&#8243; show_more=&#8220;on&#8220; show_author=&#8220;off&#8220; show_date=&#8220;off&#8220; show_categories=&#8220;off&#8220; _builder_version=&#8220;4.17.6&#8243; _module_preset=&#8220;default&#8220; header_text_color=&#8220;#424C44&#8243; read_more_text_color=&#8220;#839788&#8243; hover_enabled=&#8220;0&#8243; border_width_top_image=&#8220;17px&#8220; border_color_top_image=&#8220;#839788&#8243; box_shadow_style=&#8220;preset1&#8243; box_shadow_color=&#8220;rgba(191,191,191,0.3)&#8220; global_colors_info=&#8220;{}&#8220; sticky_enabled=&#8220;0&#8243;][\/et_pb_blog][\/et_pb_column][\/et_pb_row][et_pb_row _builder_version=&#8220;4.16&#8243; _module_preset=&#8220;default&#8220; global_colors_info=&#8220;{}&#8220;][et_pb_column type=&#8220;4_4&#8243; _builder_version=&#8220;4.16&#8243; _module_preset=&#8220;default&#8220; global_colors_info=&#8220;{}&#8220;][et_pb_text _builder_version=&#8220;4.16&#8243; _module_preset=&#8220;default&#8220; global_colors_info=&#8220;{}&#8220;]<\/p>\n<h2>Permides blogs<\/h2>\n<p>Auf dieser Seite finden Sie alle unsere Blogs, einschlie\u00dflich unserer 5 beliebtesten Blogs:<\/p>\n<ol>\n<li><a href=\"https:\/\/permides.eu\/hoeveel-dagen-heeft-een-jaar\/\" title=\"Wie viele Tage hat ein Jahr\">Wie viele Tage hat ein Jahr?<\/a><\/li>\n<li><a href=\"https:\/\/permides.eu\/kleinste-land-ter-wereld\/\" title=\"Was ist das kleinste Land der Welt\">Welches ist das kleinste Land der Welt?<\/a><\/li>\n<li><a href=\"https:\/\/permides.eu\/hoeveel-eiwitten-per-dag\/\"><span>Wie viel Eiwei\u00df sollte man pro Tag essen?<\/span><\/a><\/li>\n<li><a href=\"https:\/\/permides.eu\/hoe-val-je-snel-in-slaap\/\"><span>Wie man schnell einschl\u00e4ft<\/span><\/a><\/li>\n<li><a href=\"https:\/\/permides.eu\/wat-is-bubble-tea\/\"><span>Was ist Bubble Tea?<\/span><\/a><\/li>\n<\/ol>\n<p>[\/et_pb_text][\/et_pb_column][\/et_pb_row][\/et_pb_section]<\/p>\n","protected":false},"excerpt":{"rendered":"<p>Permides blogs Auf dieser Seite finden Sie alle unsere Blogs, einschlie\u00dflich unserer 5 beliebtesten Blogs: Wie viele Tage hat ein Jahr? Welches ist das kleinste Land der Welt? Wie viel Eiwei\u00df sollte man pro Tag essen? Wie man schnell einschl\u00e4ft Was ist Bubble Tea?<\/p>\n","protected":false},"author":1,"featured_media":969,"parent":0,"menu_order":0,"comment_status":"closed","ping_status":"closed","template":"","meta":{"_et_pb_use_builder":"on","_et_pb_old_content":"","_et_gb_content_width":"","footnotes":""},"class_list":["post-1281","page","type-page","status-publish","has-post-thumbnail","hentry"],"yoast_head":"<!-- This site is optimized with the Yoast SEO plugin v24.1 - https:\/\/yoast.com\/wordpress\/plugins\/seo\/ -->\n<title>Blogs - Permides.eu<\/title>\n<meta name=\"robots\" content=\"index, follow, max-snippet:-1, max-image-preview:large, max-video-preview:-1\" \/>\n<link rel=\"canonical\" href=\"https:\/\/permides.eu\/de\/blogs\/\" \/>\n<meta property=\"og:locale\" content=\"de_DE\" \/>\n<meta property=\"og:type\" content=\"article\" \/>\n<meta property=\"og:title\" content=\"Blogs - Permides.eu\" \/>\n<meta property=\"og:description\" content=\"Permides blogs Auf dieser Seite finden Sie alle unsere Blogs, einschlie\u00dflich unserer 5 beliebtesten Blogs: Wie viele Tage hat ein Jahr? Welches ist das kleinste Land der Welt? Wie viel Eiwei\u00df sollte man pro Tag essen? Wie man schnell einschl\u00e4ft Was ist Bubble Tea?\" \/>\n<meta property=\"og:url\" content=\"https:\/\/permides.eu\/de\/blogs\/\" \/>\n<meta property=\"og:site_name\" content=\"Permides.eu\" \/>\n<meta property=\"article:modified_time\" content=\"2024-02-13T08:50:46+00:00\" \/>\n<meta property=\"og:image\" content=\"https:\/\/permides.eu\/wp-content\/uploads\/2021\/10\/blog-header-image.jpg\" \/>\n\t<meta property=\"og:image:width\" content=\"1500\" \/>\n\t<meta property=\"og:image:height\" content=\"1000\" \/>\n\t<meta property=\"og:image:type\" content=\"image\/jpeg\" \/>\n<meta name=\"twitter:card\" content=\"summary_large_image\" \/>\n<meta name=\"twitter:label1\" content=\"Gesch\u00e4tzte Lesezeit\" \/>\n\t<meta name=\"twitter:data1\" content=\"2 Minuten\" \/>\n<script type=\"application\/ld+json\" class=\"yoast-schema-graph\">{\"@context\":\"https:\/\/schema.org\",\"@graph\":[{\"@type\":\"WebPage\",\"@id\":\"https:\/\/permides.eu\/de\/blogs\/\",\"url\":\"https:\/\/permides.eu\/de\/blogs\/\",\"name\":\"Blogs - Permides.eu\",\"isPartOf\":{\"@id\":\"https:\/\/permides.eu\/de\/#website\"},\"primaryImageOfPage\":{\"@id\":\"https:\/\/permides.eu\/de\/blogs\/#primaryimage\"},\"image\":{\"@id\":\"https:\/\/permides.eu\/de\/blogs\/#primaryimage\"},\"thumbnailUrl\":\"https:\/\/permides.eu\/wp-content\/uploads\/2021\/10\/blog-header-image.jpg\",\"datePublished\":\"2021-10-07T13:08:27+00:00\",\"dateModified\":\"2024-02-13T08:50:46+00:00\",\"breadcrumb\":{\"@id\":\"https:\/\/permides.eu\/de\/blogs\/#breadcrumb\"},\"inLanguage\":\"de\",\"potentialAction\":[{\"@type\":\"ReadAction\",\"target\":[\"https:\/\/permides.eu\/de\/blogs\/\"]}]},{\"@type\":\"ImageObject\",\"inLanguage\":\"de\",\"@id\":\"https:\/\/permides.eu\/de\/blogs\/#primaryimage\",\"url\":\"https:\/\/permides.eu\/wp-content\/uploads\/2021\/10\/blog-header-image.jpg\",\"contentUrl\":\"https:\/\/permides.eu\/wp-content\/uploads\/2021\/10\/blog-header-image.jpg\",\"width\":1500,\"height\":1000},{\"@type\":\"BreadcrumbList\",\"@id\":\"https:\/\/permides.eu\/de\/blogs\/#breadcrumb\",\"itemListElement\":[{\"@type\":\"ListItem\",\"position\":1,\"name\":\"Home\",\"item\":\"https:\/\/permides.eu\/de\/\"},{\"@type\":\"ListItem\",\"position\":2,\"name\":\"Blogs\"}]},{\"@type\":\"WebSite\",\"@id\":\"https:\/\/permides.eu\/de\/#website\",\"url\":\"https:\/\/permides.eu\/de\/\",\"name\":\"Permides.eu\",\"description\":\"Permides Lifestyle blog\",\"potentialAction\":[{\"@type\":\"SearchAction\",\"target\":{\"@type\":\"EntryPoint\",\"urlTemplate\":\"https:\/\/permides.eu\/de\/?s={search_term_string}\"},\"query-input\":{\"@type\":\"PropertyValueSpecification\",\"valueRequired\":true,\"valueName\":\"search_term_string\"}}],\"inLanguage\":\"de\"}]}<\/script>\n<!-- \/ Yoast SEO plugin. -->","yoast_head_json":{"title":"Blogs - Permides.eu","robots":{"index":"index","follow":"follow","max-snippet":"max-snippet:-1","max-image-preview":"max-image-preview:large","max-video-preview":"max-video-preview:-1"},"canonical":"https:\/\/permides.eu\/de\/blogs\/","og_locale":"de_DE","og_type":"article","og_title":"Blogs - Permides.eu","og_description":"Permides blogs Auf dieser Seite finden Sie alle unsere Blogs, einschlie\u00dflich unserer 5 beliebtesten Blogs: Wie viele Tage hat ein Jahr? Welches ist das kleinste Land der Welt? Wie viel Eiwei\u00df sollte man pro Tag essen? Wie man schnell einschl\u00e4ft Was ist Bubble Tea?","og_url":"https:\/\/permides.eu\/de\/blogs\/","og_site_name":"Permides.eu","article_modified_time":"2024-02-13T08:50:46+00:00","og_image":[{"width":1500,"height":1000,"url":"https:\/\/permides.eu\/wp-content\/uploads\/2021\/10\/blog-header-image.jpg","type":"image\/jpeg"}],"twitter_card":"summary_large_image","twitter_misc":{"Gesch\u00e4tzte Lesezeit":"2 Minuten"},"schema":{"@context":"https:\/\/schema.org","@graph":[{"@type":"WebPage","@id":"https:\/\/permides.eu\/de\/blogs\/","url":"https:\/\/permides.eu\/de\/blogs\/","name":"Blogs - Permides.eu","isPartOf":{"@id":"https:\/\/permides.eu\/de\/#website"},"primaryImageOfPage":{"@id":"https:\/\/permides.eu\/de\/blogs\/#primaryimage"},"image":{"@id":"https:\/\/permides.eu\/de\/blogs\/#primaryimage"},"thumbnailUrl":"https:\/\/permides.eu\/wp-content\/uploads\/2021\/10\/blog-header-image.jpg","datePublished":"2021-10-07T13:08:27+00:00","dateModified":"2024-02-13T08:50:46+00:00","breadcrumb":{"@id":"https:\/\/permides.eu\/de\/blogs\/#breadcrumb"},"inLanguage":"de","potentialAction":[{"@type":"ReadAction","target":["https:\/\/permides.eu\/de\/blogs\/"]}]},{"@type":"ImageObject","inLanguage":"de","@id":"https:\/\/permides.eu\/de\/blogs\/#primaryimage","url":"https:\/\/permides.eu\/wp-content\/uploads\/2021\/10\/blog-header-image.jpg","contentUrl":"https:\/\/permides.eu\/wp-content\/uploads\/2021\/10\/blog-header-image.jpg","width":1500,"height":1000},{"@type":"BreadcrumbList","@id":"https:\/\/permides.eu\/de\/blogs\/#breadcrumb","itemListElement":[{"@type":"ListItem","position":1,"name":"Home","item":"https:\/\/permides.eu\/de\/"},{"@type":"ListItem","position":2,"name":"Blogs"}]},{"@type":"WebSite","@id":"https:\/\/permides.eu\/de\/#website","url":"https:\/\/permides.eu\/de\/","name":"Permides.eu","description":"Permides Lifestyle blog","potentialAction":[{"@type":"SearchAction","target":{"@type":"EntryPoint","urlTemplate":"https:\/\/permides.eu\/de\/?s={search_term_string}"},"query-input":{"@type":"PropertyValueSpecification","valueRequired":true,"valueName":"search_term_string"}}],"inLanguage":"de"}]}},"_links":{"self":[{"href":"https:\/\/permides.eu\/de\/wp-json\/wp\/v2\/pages\/1281","targetHints":{"allow":["GET"]}}],"collection":[{"href":"https:\/\/permides.eu\/de\/wp-json\/wp\/v2\/pages"}],"about":[{"href":"https:\/\/permides.eu\/de\/wp-json\/wp\/v2\/types\/page"}],"author":[{"embeddable":true,"href":"https:\/\/permides.eu\/de\/wp-json\/wp\/v2\/users\/1"}],"replies":[{"embeddable":true,"href":"https:\/\/permides.eu\/de\/wp-json\/wp\/v2\/comments?post=1281"}],"version-history":[{"count":5,"href":"https:\/\/permides.eu\/de\/wp-json\/wp\/v2\/pages\/1281\/revisions"}],"predecessor-version":[{"id":1286,"href":"https:\/\/permides.eu\/de\/wp-json\/wp\/v2\/pages\/1281\/revisions\/1286"}],"wp:featuredmedia":[{"embeddable":true,"href":"https:\/\/permides.eu\/de\/wp-json\/wp\/v2\/media\/969"}],"wp:attachment":[{"href":"https:\/\/permides.eu\/de\/wp-json\/wp\/v2\/media?parent=1281"}],"curies":[{"name":"wp","href":"https:\/\/api.w.org\/{rel}","templated":true}]}}